{"id":4850,"date":"2019-01-06T11:19:02","date_gmt":"2019-01-06T09:19:02","guid":{"rendered":"https:\/\/epamess.ee\/eksponendid-2025\/"},"modified":"2026-04-07T09:55:09","modified_gmt":"2026-04-07T06:55:09","slug":"eksponendid-2025","status":"publish","type":"page","link":"https:\/\/epamess.ee\/en\/eksponendid-2025\/","title":{"rendered":"Exhibitors 2025"},"content":{"rendered":"\t\t<div data-elementor-type=\"wp-post\" data-elementor-id=\"4850\" class=\"elementor elementor-4850 elementor-4757\" data-elementor-post-type=\"page\">\n\t\t\t\t\t\t<section class=\"elementor-section elementor-top-section elementor-element elementor-element-f3dd23a elementor-section-boxed elementor-section-height-default elementor-section-height-default\" data-id=\"f3dd23a\" data-element_type=\"section\">\n\t\t\t\t\t\t<div class=\"elementor-container elementor-column-gap-default\">\n\t\t\t\t\t<div class=\"elementor-column elementor-col-100 elementor-top-column elementor-element elementor-element-1383b4f\" data-id=\"1383b4f\" data-element_type=\"column\">\n\t\t\t<div class=\"elementor-widget-wrap elementor-element-populated\">\n\t\t\t\t\t\t<div class=\"elementor-element elementor-element-23036b8 elementor-widget elementor-widget-exhibz-title\" data-id=\"23036b8\" data-element_type=\"widget\" data-settings=\"{&quot;ekit_we_effect_on&quot;:&quot;none&quot;}\" data-widget_type=\"exhibz-title.default\">\n\t\t\t\t<div class=\"elementor-widget-container\">\n\t\t\t\t\t\n    <div class=\"title-section-area\">\n        <h2 class=\"section-title\">\n            <span class=\"sub-title\">2025<\/span>\n\t\t\tExhibitors        <\/h2>\n\t\t                    <span class=\"title-shape\">\n                  <svg xmlns='http:\/\/www.w3.org\/2000\/svg' xmlns:xlink='http:\/\/www.w3.org\/1999\/xlink' width='71px' height='11px'> <path fill-rule='evenodd' d='M59.669,10.710 L49.164,3.306 L39.428,10.681 L29.714,3.322 L20.006,10.682 L10.295,3.322 L1.185,10.228 L-0.010,8.578 L10.295,0.765 L20.006,8.125 L29.714,0.765 L39.428,8.125 L49.122,0.781 L59.680,8.223 L69.858,1.192 L70.982,2.895 L59.669,10.710 Z'\/><\/svg>\n            <\/span>\n                    <\/div><!-- Section title -->\n    \n    \n\n    \t\t\t\t<\/div>\n\t\t\t\t<\/div>\n\t\t<div class=\"elementor-element elementor-element-7517184 e-grid e-con-boxed e-con e-parent\" data-id=\"7517184\" data-element_type=\"container\">\n\t\t\t\t\t<div class=\"e-con-inner\">\n\t\t\t\t<div class=\"elementor-element elementor-element-3a932de elementor-widget elementor-widget-text-editor\" data-id=\"3a932de\" data-element_type=\"widget\" data-settings=\"{&quot;ekit_we_effect_on&quot;:&quot;none&quot;}\" data-widget_type=\"text-editor.default\">\n\t\t\t\t\t\t\t\t\t<ul><li><a href=\"http:\/\/www.atammel.ee\/\">A.Tammel AS<\/a><\/li><li><a href=\"https:\/\/triniti.ee\/\">Advokaadib\u00fcroo Triniti O\u00dc<\/a><\/li><li><a href=\"http:\/\/www.agripartner.ee\/\">Agri Partner O\u00dc<\/a><\/li><li><a href=\"https:\/\/www.agricon.de\/ee\/\">Agricon (Precision Farming O\u00dc)<\/a><\/li><li><a href=\"https:\/\/www.agriland.ee\/\" target=\"_blank\" rel=\"noopener noreferrer\">Agriland O\u00dc<\/a><\/li><li><a href=\"http:\/\/agroekspert.ee\/\" target=\"_blank\" rel=\"noopener noreferrer\">Agroekspert O\u00dc<\/a><\/li><li><a href=\"http:\/\/www.xn--aiatht-eua.ee\/\" target=\"_blank\" rel=\"noopener\">Aiat\u00e4ht O\u00dc<\/a><\/li><li><a href=\"https:\/\/atria.ee\/\" target=\"_blank\" rel=\"noopener\">Atria Eesti AS<\/a><\/li><li><a href=\"http:\/\/www.balticagro.ee\/\" target=\"_blank\" rel=\"noopener noreferrer\">Baltic Agro AS<\/a><\/li><li><a href=\"http:\/\/www.balticagromachinery.ee\/\" target=\"_blank\" rel=\"noopener noreferrer\">Baltic Agro Machinery AS<\/a><\/li><li><a href=\"https:\/\/balticdirect.lt\/\" target=\"_blank\" rel=\"noopener\">Baltic Direct UAB<\/a><\/li><li><a href=\"https:\/\/www.biocc.ee\/\" target=\"_blank\" rel=\"noopener\">BioCC O\u00dc<\/a><\/li><li><a href=\"https:\/\/www.biochem.net\/\">Biochem Zusatztoffe Handels- u.Produktsiongesellschaft GmbH<\/a><\/li><li><a href=\"https:\/\/celvia.ee\/en\/\" target=\"_blank\" rel=\"noopener\">Celvia CC AS<\/a><\/li><li><a href=\"https:\/\/delfimeedia.ee\/\" target=\"_blank\" rel=\"noopener\">Delfi Meedia AS<\/a><\/li><li><a href=\"https:\/\/www.dimedium.ee\/\" target=\"_blank\" rel=\"noopener noreferrer\">Dimedium AS<\/a><\/li><li><a href=\"http:\/\/www.vet.ee\/\" target=\"_blank\" rel=\"noopener\">Eesti Loomaarstide Koda<\/a><\/li><li><a href=\"https:\/\/maaelumuuseumid.ee\/\">Eesti Maaelumuuseumid SA<\/a><\/li><li><a href=\"http:\/\/www.emu.ee\/\" target=\"_blank\" rel=\"noopener\">Eesti Maa\u00fclikool<\/a><\/li><\/ul>\t\t\t\t\t\t\t\t<\/div>\n\t\t\t\t<div class=\"elementor-element elementor-element-0ed07cd elementor-widget elementor-widget-text-editor\" data-id=\"0ed07cd\" data-element_type=\"widget\" data-settings=\"{&quot;ekit_we_effect_on&quot;:&quot;none&quot;}\" data-widget_type=\"text-editor.default\">\n\t\t\t\t\t\t\t\t\t<ul><li><a href=\"http:\/\/www.emu.ee\/vilistlastele\/vilistlaskogu\" target=\"_blank\" rel=\"noopener\">Eesti Maa\u00fclikooli Vilistlaskogu MT\u00dc<\/a><\/li><li><a href=\"http:\/\/www.noortalunikud.ee\/\" target=\"_blank\" rel=\"noopener noreferrer\">Eesti Noortalunikud MT\u00dc<\/a><\/li><li><a href=\"http:\/\/www.epkk.ee\/\" target=\"_blank\" rel=\"noopener noreferrer\">Eesti P\u00f5llumajandus-Kaubanduskoda<\/a><\/li><li><a href=\"https:\/\/www.epj.ee\/\" target=\"_blank\" rel=\"noopener noreferrer\">Eesti P\u00f5llumajandusloomade J\u00f5udluskontroll AS<\/a><\/li><li><a href=\"http:\/\/www.etag.ee\/\" target=\"_blank\" rel=\"noopener\">Eesti Teadusagentuur SA<\/a><\/li><li><a href=\"https:\/\/elama.ee\/\">Elama Kindlustus AS<\/a><\/li><li><a href=\"https:\/\/energiakaubamaja.ee\/\" target=\"_blank\" rel=\"noopener\">Energiakaubamaja O\u00dc<\/a><\/li><li><a href=\"http:\/\/www.fesma.ee\/\">Fesma Alu O\u00dc<\/a><\/li><li><a href=\"https:\/\/www.landcredit.ee\/\" target=\"_blank\" rel=\"noopener noreferrer\">LandCredit AS<\/a><\/li><li><a href=\"http:\/\/www.medus.lv\/\" target=\"_blank\" rel=\"noopener\">Latvian Beekeeper\u2019s Association<\/a><\/li><li><a href=\"http:\/\/www.linasagro.ee\/\" target=\"_blank\" rel=\"noopener noreferrer\">Linas Agro O\u00dc<\/a><\/li><li><a href=\"http:\/\/www.linery.ee\/\" target=\"_blank\" rel=\"noopener noreferrer\">Linery O\u00dc<\/a><\/li><li><a href=\"https:\/\/www.mes.ee\/\" target=\"_blank\" rel=\"noopener noreferrer\">Maaelu Edendamise Sihtasutus<\/a><\/li><li><a href=\"https:\/\/metk.agri.ee\/\">Maaelu Teadmuskeskus<\/a><\/li><li><a href=\"https:\/\/www.veterinaaria.ee\/\" target=\"_blank\" rel=\"noopener noreferrer\">Magnum Veterinaaria AS<\/a><\/li><li><span data-olk-copy-source=\"MessageBody\">Mariine Auto Tartu<\/span><\/li><li>Nipi Seafarm<\/li><li><a href=\"http:\/\/www.nordtempeh.com\/\" target=\"_blank\" rel=\"noopener\">Nordictempeh O\u00dc<\/a><\/li><li><a href=\"http:\/\/www.paul-tech.com\/\" target=\"_blank\" rel=\"noopener\">Paul-Tech O\u00dc<\/a><\/li><li><a href=\"https:\/\/pelltech.eu\/et\/\" target=\"_blank\" rel=\"noopener\">Pelltech O\u00dc<\/a><\/li><li><a href=\"https:\/\/www.peninuki.ee\/\" target=\"_blank\" rel=\"noopener\">Peninuki Distillery O\u00dc<\/a><\/li><li><a href=\"http:\/\/www.piimaklaster.ee\/\" target=\"_blank\" rel=\"noopener\">Piimaklaster MT\u00dc<\/a><\/li><li><span data-olk-copy-source=\"MessageBody\">Puhastusimport O\u00dc<\/span><\/li><li><a href=\"https:\/\/epamess.ee\/eksponendid2\/puideseeme.ee\" target=\"_blank\" rel=\"noopener\">Puide Seeme O\u00dc<\/a><\/li><li><a href=\"http:\/\/www.soilprotect.eu\/\" target=\"_blank\" rel=\"noopener\">P\u00f5llukultuuride klaster MT\u00dc<\/a><\/li><\/ul>\t\t\t\t\t\t\t\t<\/div>\n\t\t\t\t<div class=\"elementor-element elementor-element-36419ff elementor-widget elementor-widget-text-editor\" data-id=\"36419ff\" data-element_type=\"widget\" data-settings=\"{&quot;ekit_we_effect_on&quot;:&quot;none&quot;}\" data-widget_type=\"text-editor.default\">\n\t\t\t\t\t\t\t\t\t<ul><li><a href=\"https:\/\/www.pakamaemaius.ee\/\">P\u00e4kam\u00e4e Maius O\u00dc<\/a><\/li><li><a href=\"https:\/\/www.rapool.ee\/\" target=\"_blank\" rel=\"noopener noreferrer\">Rapool Ring GmbH Baltics<\/a><\/li><li><a href=\"http:\/\/www.scandagra.ee\/\" target=\"_blank\" rel=\"noopener\">Scandagra Eesti AS<\/a><\/li><li><a href=\"https:\/\/scanolabaltic.ee\/\">Scanola Baltic AS<\/a><\/li><li>Seljamaa Talu O\u00dc<\/li><li><a href=\"http:\/\/www.smartfor.ee\/\" target=\"_blank\" rel=\"noopener\">Smartfor O\u00dc<\/a><\/li><li><a href=\"https:\/\/biopark.ee\/en\/\" target=\"_blank\" rel=\"noopener\">Tartu BT Park O\u00dc<\/a><\/li><li><a href=\"https:\/\/tatoli.ee\/\" target=\"_blank\" rel=\"noopener noreferrer\">Tatoli AS<\/a><\/li><li><a href=\"https:\/\/taure.ee\/\" target=\"_blank\" rel=\"noopener noreferrer\">Taure AS<\/a><\/li><li><a href=\"http:\/\/www.teknest.ee\/\" target=\"_blank\" rel=\"noopener noreferrer\">Teknest O\u00dc<\/a><\/li><li><a href=\"https:\/\/epamess.ee\/eksponendid2\/tftak.eu\" target=\"_blank\" rel=\"noopener\">TFTAK AS<\/a><\/li><li>T\u00f5nuvitsa O\u00dc<\/li><li><a href=\"http:\/\/www.ti.ee\/\">T\u00f6\u00f6inspektsioon<\/a><\/li><li><a href=\"http:\/\/www.veskimeister.ee\/\" target=\"_blank\" rel=\"noopener\">Veskimeister O\u00dc<\/a><\/li><li><a href=\"https:\/\/epamess.ee\/eksponendid2\/vetik.eu\" target=\"_blank\" rel=\"noopener\">Vetik O\u00dc<\/a><\/li><li><a href=\"http:\/\/www.vet-serviss.lv\/\" target=\"_blank\" rel=\"noopener\">Vidzemes Veterinarais Serviss SIA<\/a><\/li><li><a href=\"https:\/\/wihuriagri.com\/\">Wihuri O\u00dc<\/a><\/li><li><a href=\"http:\/\/www.vokamasin.ee\/\" target=\"_blank\" rel=\"noopener\">Voka Masin O\u00dc<\/a><\/li><li><a href=\"https:\/\/www.vaderstad.com\/ee\/\">V\u00e4derstad O\u00dc<\/a><\/li><li><a href=\"http:\/\/www.yara.ee\/\">Yara Eesti O\u00dc<\/a><\/li><\/ul>\t\t\t\t\t\t\t\t<\/div>\n\t\t\t\t\t<\/div>\n\t\t\t\t<\/div>\n\t\t\t\t\t<\/div>\n\t\t<\/div>\n\t\t\t\t\t<\/div>\n\t\t<\/section>\n\t\t\t\t<\/div>\n\t\t","protected":false},"excerpt":{"rendered":"<p>2025 Exhibitors A.Tammel AS Advokaadib\u00fcroo Triniti O\u00dc Agri Partner O\u00dc Agricon (Precision Farming O\u00dc) Agriland O\u00dc Agroekspert O\u00dc Aiat\u00e4ht O\u00dc Atria Eesti AS Baltic Agro AS Baltic Agro Machinery AS Baltic Direct UAB BioCC O\u00dc Biochem Zusatztoffe Handels- u.Produktsiongesellschaft GmbH Celvia CC AS Delfi Meedia AS Dimedium AS Eesti Loomaarstide Koda Eesti Maaelumuuseumid SA Eesti [&hellip;]<\/p>\n","protected":false},"author":23,"featured_media":0,"parent":0,"menu_order":0,"comment_status":"closed","ping_status":"closed","template":"template\/full-width-template.php","meta":{"_monsterinsights_skip_tracking":false,"_monsterinsights_sitenote_active":false,"_monsterinsights_sitenote_note":"","_monsterinsights_sitenote_category":0,"footnotes":""},"class_list":["post-4850","page","type-page","status-publish","hentry"],"aioseo_notices":[],"_links":{"self":[{"href":"https:\/\/epamess.ee\/en\/wp-json\/wp\/v2\/pages\/4850","targetHints":{"allow":["GET"]}}],"collection":[{"href":"https:\/\/epamess.ee\/en\/wp-json\/wp\/v2\/pages"}],"about":[{"href":"https:\/\/epamess.ee\/en\/wp-json\/wp\/v2\/types\/page"}],"author":[{"embeddable":true,"href":"https:\/\/epamess.ee\/en\/wp-json\/wp\/v2\/users\/23"}],"replies":[{"embeddable":true,"href":"https:\/\/epamess.ee\/en\/wp-json\/wp\/v2\/comments?post=4850"}],"version-history":[{"count":6,"href":"https:\/\/epamess.ee\/en\/wp-json\/wp\/v2\/pages\/4850\/revisions"}],"predecessor-version":[{"id":5080,"href":"https:\/\/epamess.ee\/en\/wp-json\/wp\/v2\/pages\/4850\/revisions\/5080"}],"wp:attachment":[{"href":"https:\/\/epamess.ee\/en\/wp-json\/wp\/v2\/media?parent=4850"}],"curies":[{"name":"wp","href":"https:\/\/api.w.org\/{rel}","templated":true}]}}