{"id":4861,"date":"2020-04-23T12:33:36","date_gmt":"2020-04-23T12:33:36","guid":{"rendered":"https:\/\/epamess.ee\/lektorid\/"},"modified":"2026-04-07T09:46:53","modified_gmt":"2026-04-07T06:46:53","slug":"lektorid","status":"publish","type":"page","link":"https:\/\/epamess.ee\/en\/lektorid\/","title":{"rendered":"Lecturers"},"content":{"rendered":"\t\t<div data-elementor-type=\"wp-page\" data-elementor-id=\"4861\" class=\"elementor elementor-4861 elementor-2050\" data-elementor-post-type=\"page\">\n\t\t\t\t\t\t<section class=\"elementor-section elementor-top-section elementor-element elementor-element-baabce6 elementor-section-boxed elementor-section-height-default elementor-section-height-default\" data-id=\"baabce6\" data-element_type=\"section\" data-settings=\"{&quot;background_background&quot;:&quot;classic&quot;}\">\n\t\t\t\t\t\t\t<div class=\"elementor-background-overlay\"><\/div>\n\t\t\t\t\t\t\t<div class=\"elementor-container elementor-column-gap-default\">\n\t\t\t\t\t<div class=\"elementor-column elementor-col-100 elementor-top-column elementor-element elementor-element-067a720\" data-id=\"067a720\" data-element_type=\"column\">\n\t\t\t<div class=\"elementor-widget-wrap elementor-element-populated\">\n\t\t\t\t\t\t<div class=\"elementor-element elementor-element-4cd399e elementor-invisible elementor-widget elementor-widget-exhibz-title\" data-id=\"4cd399e\" data-element_type=\"widget\" data-settings=\"{&quot;_animation&quot;:&quot;slideInUp&quot;,&quot;_animation_delay&quot;:350,&quot;ekit_we_effect_on&quot;:&quot;none&quot;}\" data-widget_type=\"exhibz-title.default\">\n\t\t\t\t<div class=\"elementor-widget-container\">\n\t\t\t\t\t\n    <div class=\"title-section-area\">\n        <h2 class=\"section-title\">\n            <span class=\"sub-title\">MEET OUR<\/span>\n\t\t\tLECTURERS        <\/h2>\n\t\t                    <span class=\"title-shape\">\n                  <svg xmlns='http:\/\/www.w3.org\/2000\/svg' xmlns:xlink='http:\/\/www.w3.org\/1999\/xlink' width='71px' height='11px'> <path fill-rule='evenodd' d='M59.669,10.710 L49.164,3.306 L39.428,10.681 L29.714,3.322 L20.006,10.682 L10.295,3.322 L1.185,10.228 L-0.010,8.578 L10.295,0.765 L20.006,8.125 L29.714,0.765 L39.428,8.125 L49.122,0.781 L59.680,8.223 L69.858,1.192 L70.982,2.895 L59.669,10.710 Z'\/><\/svg>\n            <\/span>\n                    <\/div><!-- Section title -->\n    \n    \n\n    \t\t\t\t<\/div>\n\t\t\t\t<\/div>\n\t\t\t\t<div class=\"elementor-element elementor-element-0aac788 elementor-widget elementor-widget-etn-speaker\" data-id=\"0aac788\" data-element_type=\"widget\" data-settings=\"{&quot;ekit_we_effect_on&quot;:&quot;none&quot;}\" data-widget_type=\"etn-speaker.default\">\n\t\t\t\t<div class=\"elementor-widget-container\">\n\t\t\t\t\t    <div class='etn-row etn-speaker-wrapper'>\r\n                    <div class=\"etn-col-lg-3 etn-col-md-6\">\r\n                <div class=\"etn-speaker-item\">\r\n                    <div class=\"etn-speaker-thumb\">\r\n                            <a href=\"https:\/\/epamess.ee\/en\/logo_light-png\/\" class=\"etn-img-link\" aria-label=\"Toomas T\u00f5rra\">\r\n                                <img decoding=\"async\" src=\"\" alt=\"\">\r\n                            <\/a>\r\n                        <div class=\"etn-speakers-social\">\r\n                                                    <\/div>\r\n                    <\/div>\r\n                    <div class=\"etn-speaker-content\">\r\n                        <h3 class=\"etn-title etn-speaker-title\"><a href=\"https:\/\/epamess.ee\/en\/esineja\/toomas-torra\/\"> Toomas T\u00f5rra<\/a> <\/h3>\r\n                        <p>\r\n                                                    <\/p>\r\n                    <\/div>\r\n                <\/div>\r\n            <\/div>\r\n                        <div class=\"etn-col-lg-3 etn-col-md-6\">\r\n                <div class=\"etn-speaker-item\">\r\n                    <div class=\"etn-speaker-thumb\">\r\n                            <a href=\"\" class=\"etn-img-link\" aria-label=\"Tarmo\">\r\n                                <img decoding=\"async\" src=\"https:\/\/epamess.ee\/wp-content\/uploads\/2024\/05\/speaker_5.png\" alt=\"\">\r\n                            <\/a>\r\n                        <div class=\"etn-speakers-social\">\r\n                                                    <\/div>\r\n                    <\/div>\r\n                    <div class=\"etn-speaker-content\">\r\n                        <h3 class=\"etn-title etn-speaker-title\"><a href=\"https:\/\/epamess.ee\/en\/esineja\/tarmo1\/\"> Tarmo<\/a> <\/h3>\r\n                        <p>\r\n                            Niisama                        <\/p>\r\n                    <\/div>\r\n                <\/div>\r\n            <\/div>\r\n                        <div class=\"etn-col-lg-3 etn-col-md-6\">\r\n                <div class=\"etn-speaker-item\">\r\n                    <div class=\"etn-speaker-thumb\">\r\n                            <a href=\"https:\/\/epamess.ee\/en\/one-click-demo-import-log_file_2025-09-08__12-49-27\/\" class=\"etn-img-link\" aria-label=\"Siim V\u00e4lb\">\r\n                                <img decoding=\"async\" src=\"\" alt=\"\">\r\n                            <\/a>\r\n                        <div class=\"etn-speakers-social\">\r\n                                                    <\/div>\r\n                    <\/div>\r\n                    <div class=\"etn-speaker-content\">\r\n                        <h3 class=\"etn-title etn-speaker-title\"><a href=\"https:\/\/epamess.ee\/en\/esineja\/siim-valb\/\"> Siim V\u00e4lb<\/a> <\/h3>\r\n                        <p>\r\n                                                    <\/p>\r\n                    <\/div>\r\n                <\/div>\r\n            <\/div>\r\n                        <div class=\"etn-col-lg-3 etn-col-md-6\">\r\n                <div class=\"etn-speaker-item\">\r\n                    <div class=\"etn-speaker-thumb\">\r\n                            <a href=\"\" class=\"etn-img-link\" aria-label=\"Saara Nikander\">\r\n                                <img decoding=\"async\" src=\"\" alt=\"\">\r\n                            <\/a>\r\n                        <div class=\"etn-speakers-social\">\r\n                                                    <\/div>\r\n                    <\/div>\r\n                    <div class=\"etn-speaker-content\">\r\n                        <h3 class=\"etn-title etn-speaker-title\"><a href=\"https:\/\/epamess.ee\/en\/esineja\/saara-nikander\/\"> Saara Nikander<\/a> <\/h3>\r\n                        <p>\r\n                            P\u00f5llumajandusekspert                        <\/p>\r\n                    <\/div>\r\n                <\/div>\r\n            <\/div>\r\n                        <div class=\"etn-col-lg-3 etn-col-md-6\">\r\n                <div class=\"etn-speaker-item\">\r\n                    <div class=\"etn-speaker-thumb\">\r\n                            <a href=\"https:\/\/epamess.ee\/en\/2025\/09\/08\/wp-global-styles-hello-biz\/\" class=\"etn-img-link\" aria-label=\"Priit Kallas\">\r\n                                <img decoding=\"async\" src=\"\" alt=\"\">\r\n                            <\/a>\r\n                        <div class=\"etn-speakers-social\">\r\n                                                    <\/div>\r\n                    <\/div>\r\n                    <div class=\"etn-speaker-content\">\r\n                        <h3 class=\"etn-title etn-speaker-title\"><a href=\"https:\/\/epamess.ee\/en\/esineja\/priit-kallas\/\"> Priit Kallas<\/a> <\/h3>\r\n                        <p>\r\n                            Tegevjuht                        <\/p>\r\n                    <\/div>\r\n                <\/div>\r\n            <\/div>\r\n                        <div class=\"etn-col-lg-3 etn-col-md-6\">\r\n                <div class=\"etn-speaker-item\">\r\n                    <div class=\"etn-speaker-thumb\">\r\n                            <a href=\"https:\/\/epamess.ee\/en\/header_logo-png\/\" class=\"etn-img-link\" aria-label=\"Meit J\u00fcrgens\">\r\n                                <img decoding=\"async\" src=\"\" alt=\"\">\r\n                            <\/a>\r\n                        <div class=\"etn-speakers-social\">\r\n                                                    <\/div>\r\n                    <\/div>\r\n                    <div class=\"etn-speaker-content\">\r\n                        <h3 class=\"etn-title etn-speaker-title\"><a href=\"https:\/\/epamess.ee\/en\/esineja\/meit-jurgens\/\"> Meit J\u00fcrgens<\/a> <\/h3>\r\n                        <p>\r\n                                                    <\/p>\r\n                    <\/div>\r\n                <\/div>\r\n            <\/div>\r\n                        <div class=\"etn-col-lg-3 etn-col-md-6\">\r\n                <div class=\"etn-speaker-item\">\r\n                    <div class=\"etn-speaker-thumb\">\r\n                            <a href=\"https:\/\/epamess.ee\/en\/placeholder-png\/\" class=\"etn-img-link\" aria-label=\"Meelis Suurmann\">\r\n                                <img decoding=\"async\" src=\"\" alt=\"\">\r\n                            <\/a>\r\n                        <div class=\"etn-speakers-social\">\r\n                                                    <\/div>\r\n                    <\/div>\r\n                    <div class=\"etn-speaker-content\">\r\n                        <h3 class=\"etn-title etn-speaker-title\"><a href=\"https:\/\/epamess.ee\/en\/esineja\/meelis-suurmann\/\"> Meelis Suurmann<\/a> <\/h3>\r\n                        <p>\r\n                                                    <\/p>\r\n                    <\/div>\r\n                <\/div>\r\n            <\/div>\r\n                        <div class=\"etn-col-lg-3 etn-col-md-6\">\r\n                <div class=\"etn-speaker-item\">\r\n                    <div class=\"etn-speaker-thumb\">\r\n                            <a href=\"\" class=\"etn-img-link\" aria-label=\"Kristiina M\u00e4rs\">\r\n                                <img decoding=\"async\" src=\"\" alt=\"\">\r\n                            <\/a>\r\n                        <div class=\"etn-speakers-social\">\r\n                                                    <\/div>\r\n                    <\/div>\r\n                    <div class=\"etn-speaker-content\">\r\n                        <h3 class=\"etn-title etn-speaker-title\"><a href=\"https:\/\/epamess.ee\/en\/esineja\/kristiina-mars\/\"> Kristiina M\u00e4rs<\/a> <\/h3>\r\n                        <p>\r\n                            Projektijuht                        <\/p>\r\n                    <\/div>\r\n                <\/div>\r\n            <\/div>\r\n                <\/div>\r\n    \t\t\t\t<\/div>\n\t\t\t\t<\/div>\n\t\t\t\t\t<\/div>\n\t\t<\/div>\n\t\t\t\t\t<\/div>\n\t\t<\/section>\n\t\t\t\t<\/div>\n\t\t","protected":false},"excerpt":{"rendered":"<p>MEET OUR LECTURERS Toomas T\u00f5rra Tarmo Niisama Siim V\u00e4lb Saara Nikander P\u00f5llumajandusekspert Priit Kallas Tegevjuht Meit J\u00fcrgens Meelis Suurmann Kristiina M\u00e4rs Projektijuht<\/p>\n","protected":false},"author":2,"featured_media":0,"parent":0,"menu_order":0,"comment_status":"closed","ping_status":"closed","template":"template\/full-width-template.php","meta":{"_monsterinsights_skip_tracking":false,"_monsterinsights_sitenote_active":false,"_monsterinsights_sitenote_note":"","_monsterinsights_sitenote_category":0,"footnotes":""},"class_list":["post-4861","page","type-page","status-publish","hentry"],"aioseo_notices":[],"_links":{"self":[{"href":"https:\/\/epamess.ee\/en\/wp-json\/wp\/v2\/pages\/4861","targetHints":{"allow":["GET"]}}],"collection":[{"href":"https:\/\/epamess.ee\/en\/wp-json\/wp\/v2\/pages"}],"about":[{"href":"https:\/\/epamess.ee\/en\/wp-json\/wp\/v2\/types\/page"}],"author":[{"embeddable":true,"href":"https:\/\/epamess.ee\/en\/wp-json\/wp\/v2\/users\/2"}],"replies":[{"embeddable":true,"href":"https:\/\/epamess.ee\/en\/wp-json\/wp\/v2\/comments?post=4861"}],"version-history":[{"count":2,"href":"https:\/\/epamess.ee\/en\/wp-json\/wp\/v2\/pages\/4861\/revisions"}],"predecessor-version":[{"id":5061,"href":"https:\/\/epamess.ee\/en\/wp-json\/wp\/v2\/pages\/4861\/revisions\/5061"}],"wp:attachment":[{"href":"https:\/\/epamess.ee\/en\/wp-json\/wp\/v2\/media?parent=4861"}],"curies":[{"name":"wp","href":"https:\/\/api.w.org\/{rel}","templated":true}]}}